{"id":382,"date":"2025-04-22T08:11:11","date_gmt":"2025-04-22T08:11:11","guid":{"rendered":"https:\/\/food-bike.be\/politique-en-matiere-de-cookies\/"},"modified":"2025-04-22T08:14:12","modified_gmt":"2025-04-22T08:14:12","slug":"politique-en-matiere-de-cookies","status":"publish","type":"page","link":"https:\/\/food-bike.be\/fr\/politique-en-matiere-de-cookies\/","title":{"rendered":"Politique en mati\u00e8re de cookies"},"content":{"rendered":"\n<p>La pr\u00e9sente \u00ab\u00a0politique en mati\u00e8re de cookies\u00a0\u00bb r\u00e9git l&rsquo;utilisation des cookies sur ce site web<a href=\"https:\/\/food-bike.be\/fr\/\">(https:\/\/food-bike.be\/).<\/a><\/p>\n\n<h3 class=\"wp-block-heading\">Qu&rsquo;est-ce qu&rsquo;un cookie ?<\/h3>\n\n<p>Nous utilisons des cookies sur ce site web. Un cookie est un petit fichier simple envoy\u00e9 avec les pages de ce site web et stock\u00e9 par votre navigateur sur le disque dur de votre ordinateur. Les informations qu&rsquo;il contient peuvent \u00eatre renvoy\u00e9es \u00e0 nos serveurs lors de votre prochaine visite.  <\/p>\n\n<h3 class=\"wp-block-heading\">Cookies utilis\u00e9s<\/h3>\n\n<figure class=\"wp-block-table\"><table class=\"has-fixed-layout\"><thead><tr><th>Nom<\/th><th>Fonction<\/th><th>Dur\u00e9e de conservation<\/th><th>Type<\/th><\/tr><\/thead><tbody><tr><td>wp-wpml_current_language<\/td><td>Le plugin multilingue de WordPress (WPML) utilise ce cookie pour enregistrer les param\u00e8tres de la langue actuelle.<\/td><td>Jusqu&rsquo;\u00e0 ce que le navigateur soit ferm\u00e9.<\/td><td>Fonctionnel<\/td><\/tr><tr><td>wpEmojiSettingsSupports<\/td><td>WordPress d\u00e9finit ce cookie lorsqu&rsquo;un utilisateur utilise des emojis sur un site WordPress. Ce cookie d\u00e9termine si le navigateur de l&rsquo;utilisateur peut afficher correctement les emojis. <\/td><td>Jusqu&rsquo;\u00e0 ce que le navigateur soit ferm\u00e9.<\/td><td>N\u00e9cessaire<\/td><\/tr><\/tbody><\/table><\/figure>\n\n<h3 class=\"wp-block-heading\">Activation, d\u00e9sactivation et suppression des cookies<\/h3>\n\n<p>Vous trouverez de plus amples informations sur l&rsquo;activation, la d\u00e9sactivation et la suppression des cookies dans les instructions et\/ou en utilisant la fonction d&rsquo;aide de votre navigateur.<\/p>\n\n<p>Vous trouverez de plus amples informations sur les cookies \u00e0 l&rsquo;adresse suivante <a href=\"http:\/\/www.allaboutcookies.org\">: www.allaboutcookies.org<\/a>.<\/p>\n\n<p>Vous trouverez de plus amples informations sur la <strong>publicit\u00e9 comportementale en ligne<\/strong> et la <strong>protection de la vie priv\u00e9e en ligne<\/strong> \u00e0 l&rsquo;adresse suivante <a href=\"http:\/\/www.youronlinechoices.eu\/\" target=\"_blank\" rel=\"noreferrer noopener\">: www.youronlinechoices.eu<\/a>.<\/p>\n","protected":false},"excerpt":{"rendered":"<p>La pr\u00e9sente \u00ab\u00a0politique en mati\u00e8re de cookies\u00a0\u00bb r\u00e9git l&rsquo;utilisation des cookies sur ce site web(https:\/\/food-bike.be\/). Qu&rsquo;est-ce qu&rsquo;un cookie ? Nous utilisons des cookies sur ce site web. Un cookie est un petit fichier simple envoy\u00e9 avec les pages de ce site web et stock\u00e9 par votre navigateur sur le disque dur de votre ordinateur. Les&hellip; <a class=\"more-link\" href=\"https:\/\/food-bike.be\/fr\/politique-en-matiere-de-cookies\/\">Continue reading <span class=\"screen-reader-text\">Politique en mati\u00e8re de cookies<\/span><\/a><\/p>\n","protected":false},"author":1,"featured_media":0,"parent":0,"menu_order":0,"comment_status":"closed","ping_status":"closed","template":"","meta":{"_acf_changed":false,"footnotes":""},"class_list":["post-382","page","type-page","status-publish","hentry","entry"],"acf":[],"yoast_head":"<!-- This site is optimized with the Yoast SEO plugin v27.4 - https:\/\/yoast.com\/product\/yoast-seo-wordpress\/ -->\n<title>Politique en mati\u00e8re de cookies - FOOD BIKE<\/title>\n<meta name=\"robots\" content=\"index, follow, max-snippet:-1, max-image-preview:large, max-video-preview:-1\" \/>\n<link rel=\"canonical\" href=\"https:\/\/food-bike.be\/fr\/politique-en-matiere-de-cookies\/\" \/>\n<meta property=\"og:locale\" content=\"fr_FR\" \/>\n<meta property=\"og:type\" content=\"article\" \/>\n<meta property=\"og:title\" content=\"Politique en mati\u00e8re de cookies - FOOD BIKE\" \/>\n<meta property=\"og:description\" content=\"La pr\u00e9sente \u00ab\u00a0politique en mati\u00e8re de cookies\u00a0\u00bb r\u00e9git l&rsquo;utilisation des cookies sur ce site web(https:\/\/food-bike.be\/). Qu&rsquo;est-ce qu&rsquo;un cookie ? Nous utilisons des cookies sur ce site web. Un cookie est un petit fichier simple envoy\u00e9 avec les pages de ce site web et stock\u00e9 par votre navigateur sur le disque dur de votre ordinateur. Les&hellip; Continue reading Politique en mati\u00e8re de cookies\" \/>\n<meta property=\"og:url\" content=\"https:\/\/food-bike.be\/fr\/politique-en-matiere-de-cookies\/\" \/>\n<meta property=\"og:site_name\" content=\"FOOD BIKE\" \/>\n<meta property=\"article:publisher\" content=\"https:\/\/www.facebook.com\/profile.php?id=100057341024107\" \/>\n<meta property=\"article:modified_time\" content=\"2025-04-22T08:14:12+00:00\" \/>\n<meta name=\"twitter:card\" content=\"summary_large_image\" \/>\n<meta name=\"twitter:label1\" content=\"Dur\u00e9e de lecture estim\u00e9e\" \/>\n\t<meta name=\"twitter:data1\" content=\"1 minute\" \/>\n<script type=\"application\/ld+json\" class=\"yoast-schema-graph\">{\"@context\":\"https:\\\/\\\/schema.org\",\"@graph\":[{\"@type\":\"WebPage\",\"@id\":\"https:\\\/\\\/food-bike.be\\\/fr\\\/politique-en-matiere-de-cookies\\\/\",\"url\":\"https:\\\/\\\/food-bike.be\\\/fr\\\/politique-en-matiere-de-cookies\\\/\",\"name\":\"Politique en mati\u00e8re de cookies - FOOD BIKE\",\"isPartOf\":{\"@id\":\"https:\\\/\\\/food-bike.be\\\/#website\"},\"datePublished\":\"2025-04-22T08:11:11+00:00\",\"dateModified\":\"2025-04-22T08:14:12+00:00\",\"breadcrumb\":{\"@id\":\"https:\\\/\\\/food-bike.be\\\/fr\\\/politique-en-matiere-de-cookies\\\/#breadcrumb\"},\"inLanguage\":\"fr-FR\",\"potentialAction\":[{\"@type\":\"ReadAction\",\"target\":[\"https:\\\/\\\/food-bike.be\\\/fr\\\/politique-en-matiere-de-cookies\\\/\"]}]},{\"@type\":\"BreadcrumbList\",\"@id\":\"https:\\\/\\\/food-bike.be\\\/fr\\\/politique-en-matiere-de-cookies\\\/#breadcrumb\",\"itemListElement\":[{\"@type\":\"ListItem\",\"position\":1,\"name\":\"Home\",\"item\":\"https:\\\/\\\/food-bike.be\\\/fr\\\/\"},{\"@type\":\"ListItem\",\"position\":2,\"name\":\"Politique en mati\u00e8re de cookies\"}]},{\"@type\":\"WebSite\",\"@id\":\"https:\\\/\\\/food-bike.be\\\/#website\",\"url\":\"https:\\\/\\\/food-bike.be\\\/\",\"name\":\"FOOD BIKE\",\"description\":\"\",\"publisher\":{\"@id\":\"https:\\\/\\\/food-bike.be\\\/#organization\"},\"potentialAction\":[{\"@type\":\"SearchAction\",\"target\":{\"@type\":\"EntryPoint\",\"urlTemplate\":\"https:\\\/\\\/food-bike.be\\\/?s={search_term_string}\"},\"query-input\":{\"@type\":\"PropertyValueSpecification\",\"valueRequired\":true,\"valueName\":\"search_term_string\"}}],\"inLanguage\":\"fr-FR\"},{\"@type\":\"Organization\",\"@id\":\"https:\\\/\\\/food-bike.be\\\/#organization\",\"name\":\"FOOD BIKE\",\"url\":\"https:\\\/\\\/food-bike.be\\\/\",\"logo\":{\"@type\":\"ImageObject\",\"inLanguage\":\"fr-FR\",\"@id\":\"https:\\\/\\\/food-bike.be\\\/#\\\/schema\\\/logo\\\/image\\\/\",\"url\":\"https:\\\/\\\/food-bike.be\\\/wp-content\\\/uploads\\\/2025\\\/03\\\/FoodBike.png\",\"contentUrl\":\"https:\\\/\\\/food-bike.be\\\/wp-content\\\/uploads\\\/2025\\\/03\\\/FoodBike.png\",\"width\":264,\"height\":173,\"caption\":\"FOOD BIKE\"},\"image\":{\"@id\":\"https:\\\/\\\/food-bike.be\\\/#\\\/schema\\\/logo\\\/image\\\/\"},\"sameAs\":[\"https:\\\/\\\/www.facebook.com\\\/profile.php?id=100057341024107\",\"https:\\\/\\\/www.instagram.com\\\/foodbike_delivento\\\/\"]}]}<\/script>\n<!-- \/ Yoast SEO plugin. -->","yoast_head_json":{"title":"Politique en mati\u00e8re de cookies - FOOD BIKE","robots":{"index":"index","follow":"follow","max-snippet":"max-snippet:-1","max-image-preview":"max-image-preview:large","max-video-preview":"max-video-preview:-1"},"canonical":"https:\/\/food-bike.be\/fr\/politique-en-matiere-de-cookies\/","og_locale":"fr_FR","og_type":"article","og_title":"Politique en mati\u00e8re de cookies - FOOD BIKE","og_description":"La pr\u00e9sente \u00ab\u00a0politique en mati\u00e8re de cookies\u00a0\u00bb r\u00e9git l&rsquo;utilisation des cookies sur ce site web(https:\/\/food-bike.be\/). Qu&rsquo;est-ce qu&rsquo;un cookie ? Nous utilisons des cookies sur ce site web. Un cookie est un petit fichier simple envoy\u00e9 avec les pages de ce site web et stock\u00e9 par votre navigateur sur le disque dur de votre ordinateur. Les&hellip; Continue reading Politique en mati\u00e8re de cookies","og_url":"https:\/\/food-bike.be\/fr\/politique-en-matiere-de-cookies\/","og_site_name":"FOOD BIKE","article_publisher":"https:\/\/www.facebook.com\/profile.php?id=100057341024107","article_modified_time":"2025-04-22T08:14:12+00:00","twitter_card":"summary_large_image","twitter_misc":{"Dur\u00e9e de lecture estim\u00e9e":"1 minute"},"schema":{"@context":"https:\/\/schema.org","@graph":[{"@type":"WebPage","@id":"https:\/\/food-bike.be\/fr\/politique-en-matiere-de-cookies\/","url":"https:\/\/food-bike.be\/fr\/politique-en-matiere-de-cookies\/","name":"Politique en mati\u00e8re de cookies - FOOD BIKE","isPartOf":{"@id":"https:\/\/food-bike.be\/#website"},"datePublished":"2025-04-22T08:11:11+00:00","dateModified":"2025-04-22T08:14:12+00:00","breadcrumb":{"@id":"https:\/\/food-bike.be\/fr\/politique-en-matiere-de-cookies\/#breadcrumb"},"inLanguage":"fr-FR","potentialAction":[{"@type":"ReadAction","target":["https:\/\/food-bike.be\/fr\/politique-en-matiere-de-cookies\/"]}]},{"@type":"BreadcrumbList","@id":"https:\/\/food-bike.be\/fr\/politique-en-matiere-de-cookies\/#breadcrumb","itemListElement":[{"@type":"ListItem","position":1,"name":"Home","item":"https:\/\/food-bike.be\/fr\/"},{"@type":"ListItem","position":2,"name":"Politique en mati\u00e8re de cookies"}]},{"@type":"WebSite","@id":"https:\/\/food-bike.be\/#website","url":"https:\/\/food-bike.be\/","name":"FOOD BIKE","description":"","publisher":{"@id":"https:\/\/food-bike.be\/#organization"},"potentialAction":[{"@type":"SearchAction","target":{"@type":"EntryPoint","urlTemplate":"https:\/\/food-bike.be\/?s={search_term_string}"},"query-input":{"@type":"PropertyValueSpecification","valueRequired":true,"valueName":"search_term_string"}}],"inLanguage":"fr-FR"},{"@type":"Organization","@id":"https:\/\/food-bike.be\/#organization","name":"FOOD BIKE","url":"https:\/\/food-bike.be\/","logo":{"@type":"ImageObject","inLanguage":"fr-FR","@id":"https:\/\/food-bike.be\/#\/schema\/logo\/image\/","url":"https:\/\/food-bike.be\/wp-content\/uploads\/2025\/03\/FoodBike.png","contentUrl":"https:\/\/food-bike.be\/wp-content\/uploads\/2025\/03\/FoodBike.png","width":264,"height":173,"caption":"FOOD BIKE"},"image":{"@id":"https:\/\/food-bike.be\/#\/schema\/logo\/image\/"},"sameAs":["https:\/\/www.facebook.com\/profile.php?id=100057341024107","https:\/\/www.instagram.com\/foodbike_delivento\/"]}]}},"_links":{"self":[{"href":"https:\/\/food-bike.be\/fr\/wp-json\/wp\/v2\/pages\/382","targetHints":{"allow":["GET"]}}],"collection":[{"href":"https:\/\/food-bike.be\/fr\/wp-json\/wp\/v2\/pages"}],"about":[{"href":"https:\/\/food-bike.be\/fr\/wp-json\/wp\/v2\/types\/page"}],"author":[{"embeddable":true,"href":"https:\/\/food-bike.be\/fr\/wp-json\/wp\/v2\/users\/1"}],"replies":[{"embeddable":true,"href":"https:\/\/food-bike.be\/fr\/wp-json\/wp\/v2\/comments?post=382"}],"version-history":[{"count":3,"href":"https:\/\/food-bike.be\/fr\/wp-json\/wp\/v2\/pages\/382\/revisions"}],"predecessor-version":[{"id":385,"href":"https:\/\/food-bike.be\/fr\/wp-json\/wp\/v2\/pages\/382\/revisions\/385"}],"wp:attachment":[{"href":"https:\/\/food-bike.be\/fr\/wp-json\/wp\/v2\/media?parent=382"}],"curies":[{"name":"wp","href":"https:\/\/api.w.org\/{rel}","templated":true}]}}