{"id":373,"date":"2025-04-19T13:18:45","date_gmt":"2025-04-19T13:18:45","guid":{"rendered":"https:\/\/food-bike.be\/politique-de-confidentialite\/"},"modified":"2025-04-22T07:54:00","modified_gmt":"2025-04-22T07:54:00","slug":"politique-de-confidentialite","status":"publish","type":"page","link":"https:\/\/food-bike.be\/fr\/politique-de-confidentialite\/","title":{"rendered":"Politique de confidentialit\u00e9"},"content":{"rendered":"\n<p>Cette page d\u00e9crit la politique appliqu\u00e9e sur le site Web de Delivento BV (<a href=\"https:\/\/food-bike.be\/fr\/\">www.food-bike.be<\/a>) concernant la confidentialit\u00e9 ainsi que le traitement de toutes les informations collect\u00e9es pendant ou \u00e0 la suite de votre visite sur ce site Web.<\/p>\n\n<h3 class=\"wp-block-heading\">Finalit\u00e9 du traitement des donn\u00e9es personnelles<\/h3>\n\n<p>Lors de votre enregistrement sur ce site et \/ ou en passant une commande, un certain nombre de donn\u00e9es personnelles vous seront demand\u00e9es. Ces donn\u00e9es personnelles sont n\u00e9cessaires au bon fonctionnement du site web, notamment pour la correspondance avec vous et le traitement des inscriptions. Les donn\u00e9es sont utilis\u00e9es pour \u00eatre en mesure de fournir les biens et services que vous avez demand\u00e9s.  <\/p>\n\n<h3 class=\"wp-block-heading\">Traitement des donn\u00e9es personnelles et les personnes ayant acc\u00e8s aux donn\u00e9es trait\u00e9es<\/h3>\n\n<p>Les donn\u00e9es fournies seront incluses dans les fichiers de Delivento BV Les donn\u00e9es ne seront trait\u00e9es que dans la mesure o\u00f9 le traitement est n\u00e9cessaire \u00e0 l&rsquo;ex\u00e9cution de l&rsquo;accord que vous avez conclu avec Delivento BV.<\/p>\n\n<p>Nous pouvons combiner les informations que nous avons collect\u00e9es aupr\u00e8s de vous avec des informations que nous avons obtenues d&rsquo;autres sources. Cela nous permet d&rsquo;am\u00e9liorer l&rsquo;exactitude et l&rsquo;exhaustivit\u00e9 globales des informations et de mieux adapter nos interactions avec vous. <\/p>\n\n<p>En outre, nous pouvons \u00e9galement collecter des informations relatives \u00e0 votre utilisation de nos sites Web. Nous utilisons pour cela diverses techniques, y compris les cookies. <\/p>\n\n<h3 class=\"wp-block-heading\">Partage des donn\u00e9es<\/h3>\n\n<p>Nous partageons vos donn\u00e9es personnelles avec votre consentement ou si n\u00e9cessaire pour effectuer une transaction ou livrer un produit que vous avez demand\u00e9.<br\/>Vos informations personnelles ne seront ni vendues, ni envoy\u00e9es \u00e0 des tiers, ni rendues publiques.<\/p>\n\n<p>Delivento BV se r\u00e9serve le droit d&rsquo;utiliser ou de divulguer vos donn\u00e9es, lorsque cela est n\u00e9cessaire pour prot\u00e9ger l&rsquo;int\u00e9grit\u00e9 du site Web, lorsque la loi l&rsquo;exige, lorsque le traitement est d&rsquo;une importance vitale pour vous, lorsque le traitement doit avoir lieu afin d&rsquo;effectuer une mission d&rsquo;int\u00e9r\u00eat public ou lorsque le traitement des donn\u00e9es est n\u00e9cessaire pour poursuivre un int\u00e9r\u00eat l\u00e9gitime.<\/p>\n\n<h3 class=\"wp-block-heading\">Vos droits par rapport aux donn\u00e9es que nous collectons<\/h3>\n\n<p>Vos choix<\/p>\n\n<ul class=\"wp-block-list\">\n<li>Vous pouvez nous faire savoir que vous ne souhaitez pas qu&rsquo;elles soient utilis\u00e9es \u00e0 d&rsquo;autres fins de marketing. Cela peut \u00eatre fait en nous contactant de la mani\u00e8re suivante : <a href=\"mailto:info@food-bike.be\">info@food-bike.be<\/a>.<br\/>Nous r\u00e9pondrons \u00e0 votre demande dans un d\u00e9lai de 30 jours.  <\/li>\n\n\n\n<li>Vous pouvez faire corriger des donn\u00e9es incorrectes ou faire supprimer gratuitement des donn\u00e9es incompl\u00e8tes, non pertinentes ou interdites. Cela peut \u00eatre fait en nous contactant de la mani\u00e8re suivante : <a href=\"mailto:info@food-bike.be\">info@food-bike.be<\/a>. Nous r\u00e9pondrons \u00e0 vos demandes d&rsquo;acc\u00e8s \u00e0 vos donn\u00e9es personnelles dans un d\u00e9lai de 30 jours pour les supprimer.  <\/li>\n\n\n\n<li>Vous pouvez \u00e9galement d\u00e9sactiver l&rsquo;utilisation de cookies dans votre navigateur.<\/li>\n\n\n\n<li>Vous avez le droit de consulter et de corriger gratuitement vos donn\u00e9es.<\/li>\n<\/ul>\n\n<h3 class=\"wp-block-heading\">Coordonn\u00e9es du processeur<\/h3>\n\n<p>Delivento BV<br\/>Stationsstraat 11, 1861 Wolvertem<br\/>T: <a href=\"tel:003223114011\">+32 (0)2 311 40 11<br\/><\/a>E: <a href=\"mailto:info@food-bike.be\">info@food-bike.be<\/a><\/p>\n\n<h3 class=\"wp-block-heading\">Liens vers d&rsquo;autres sites Web<\/h3>\n\n<p>Les liens inclus sur le site Web sont \u00e0 titre informatif uniquement. Malgr\u00e9 un contr\u00f4le minutieux du contenu, aucune responsabilit\u00e9 n&rsquo;est accept\u00e9e, ni pour le contenu des liens externes, ni pour le respect d&rsquo;une politique de confidentialit\u00e9 identique \u00e0 celle d\u00e9finie ici. Lors de la saisie des liens externes, il est pr\u00e9f\u00e9rable de lire la politique de confidentialit\u00e9 du site Web concern\u00e9.  <\/p>\n","protected":false},"excerpt":{"rendered":"<p>Cette page d\u00e9crit la politique appliqu\u00e9e sur le site Web de Delivento BV (www.food-bike.be) concernant la confidentialit\u00e9 ainsi que le traitement de toutes les informations collect\u00e9es pendant ou \u00e0 la suite de votre visite sur ce site Web. Finalit\u00e9 du traitement des donn\u00e9es personnelles Lors de votre enregistrement sur ce site et \/ ou en&hellip; <a class=\"more-link\" href=\"https:\/\/food-bike.be\/fr\/politique-de-confidentialite\/\">Continue reading <span class=\"screen-reader-text\">Politique de confidentialit\u00e9<\/span><\/a><\/p>\n","protected":false},"author":1,"featured_media":0,"parent":0,"menu_order":0,"comment_status":"closed","ping_status":"closed","template":"","meta":{"_acf_changed":false,"footnotes":""},"class_list":["post-373","page","type-page","status-publish","hentry","entry"],"acf":[],"yoast_head":"<!-- This site is optimized with the Yoast SEO plugin v27.4 - https:\/\/yoast.com\/product\/yoast-seo-wordpress\/ -->\n<title>Politique de confidentialit\u00e9 - FOOD BIKE<\/title>\n<meta name=\"robots\" content=\"index, follow, max-snippet:-1, max-image-preview:large, max-video-preview:-1\" \/>\n<link rel=\"canonical\" href=\"https:\/\/food-bike.be\/fr\/politique-de-confidentialite\/\" \/>\n<meta property=\"og:locale\" content=\"fr_FR\" \/>\n<meta property=\"og:type\" content=\"article\" \/>\n<meta property=\"og:title\" content=\"Politique de confidentialit\u00e9 - FOOD BIKE\" \/>\n<meta property=\"og:description\" content=\"Cette page d\u00e9crit la politique appliqu\u00e9e sur le site Web de Delivento BV (www.food-bike.be) concernant la confidentialit\u00e9 ainsi que le traitement de toutes les informations collect\u00e9es pendant ou \u00e0 la suite de votre visite sur ce site Web. Finalit\u00e9 du traitement des donn\u00e9es personnelles Lors de votre enregistrement sur ce site et \/ ou en&hellip; Continue reading Politique de confidentialit\u00e9\" \/>\n<meta property=\"og:url\" content=\"https:\/\/food-bike.be\/fr\/politique-de-confidentialite\/\" \/>\n<meta property=\"og:site_name\" content=\"FOOD BIKE\" \/>\n<meta property=\"article:publisher\" content=\"https:\/\/www.facebook.com\/profile.php?id=100057341024107\" \/>\n<meta property=\"article:modified_time\" content=\"2025-04-22T07:54:00+00:00\" \/>\n<meta name=\"twitter:card\" content=\"summary_large_image\" \/>\n<meta name=\"twitter:label1\" content=\"Dur\u00e9e de lecture estim\u00e9e\" \/>\n\t<meta name=\"twitter:data1\" content=\"3 minutes\" \/>\n<script type=\"application\/ld+json\" class=\"yoast-schema-graph\">{\"@context\":\"https:\\\/\\\/schema.org\",\"@graph\":[{\"@type\":\"WebPage\",\"@id\":\"https:\\\/\\\/food-bike.be\\\/fr\\\/politique-de-confidentialite\\\/\",\"url\":\"https:\\\/\\\/food-bike.be\\\/fr\\\/politique-de-confidentialite\\\/\",\"name\":\"Politique de confidentialit\u00e9 - FOOD BIKE\",\"isPartOf\":{\"@id\":\"https:\\\/\\\/food-bike.be\\\/#website\"},\"datePublished\":\"2025-04-19T13:18:45+00:00\",\"dateModified\":\"2025-04-22T07:54:00+00:00\",\"breadcrumb\":{\"@id\":\"https:\\\/\\\/food-bike.be\\\/fr\\\/politique-de-confidentialite\\\/#breadcrumb\"},\"inLanguage\":\"fr-FR\",\"potentialAction\":[{\"@type\":\"ReadAction\",\"target\":[\"https:\\\/\\\/food-bike.be\\\/fr\\\/politique-de-confidentialite\\\/\"]}]},{\"@type\":\"BreadcrumbList\",\"@id\":\"https:\\\/\\\/food-bike.be\\\/fr\\\/politique-de-confidentialite\\\/#breadcrumb\",\"itemListElement\":[{\"@type\":\"ListItem\",\"position\":1,\"name\":\"Home\",\"item\":\"https:\\\/\\\/food-bike.be\\\/fr\\\/\"},{\"@type\":\"ListItem\",\"position\":2,\"name\":\"Politique de confidentialit\u00e9\"}]},{\"@type\":\"WebSite\",\"@id\":\"https:\\\/\\\/food-bike.be\\\/#website\",\"url\":\"https:\\\/\\\/food-bike.be\\\/\",\"name\":\"FOOD BIKE\",\"description\":\"\",\"publisher\":{\"@id\":\"https:\\\/\\\/food-bike.be\\\/#organization\"},\"potentialAction\":[{\"@type\":\"SearchAction\",\"target\":{\"@type\":\"EntryPoint\",\"urlTemplate\":\"https:\\\/\\\/food-bike.be\\\/?s={search_term_string}\"},\"query-input\":{\"@type\":\"PropertyValueSpecification\",\"valueRequired\":true,\"valueName\":\"search_term_string\"}}],\"inLanguage\":\"fr-FR\"},{\"@type\":\"Organization\",\"@id\":\"https:\\\/\\\/food-bike.be\\\/#organization\",\"name\":\"FOOD BIKE\",\"url\":\"https:\\\/\\\/food-bike.be\\\/\",\"logo\":{\"@type\":\"ImageObject\",\"inLanguage\":\"fr-FR\",\"@id\":\"https:\\\/\\\/food-bike.be\\\/#\\\/schema\\\/logo\\\/image\\\/\",\"url\":\"https:\\\/\\\/food-bike.be\\\/wp-content\\\/uploads\\\/2025\\\/03\\\/FoodBike.png\",\"contentUrl\":\"https:\\\/\\\/food-bike.be\\\/wp-content\\\/uploads\\\/2025\\\/03\\\/FoodBike.png\",\"width\":264,\"height\":173,\"caption\":\"FOOD BIKE\"},\"image\":{\"@id\":\"https:\\\/\\\/food-bike.be\\\/#\\\/schema\\\/logo\\\/image\\\/\"},\"sameAs\":[\"https:\\\/\\\/www.facebook.com\\\/profile.php?id=100057341024107\",\"https:\\\/\\\/www.instagram.com\\\/foodbike_delivento\\\/\"]}]}<\/script>\n<!-- \/ Yoast SEO plugin. -->","yoast_head_json":{"title":"Politique de confidentialit\u00e9 - FOOD BIKE","robots":{"index":"index","follow":"follow","max-snippet":"max-snippet:-1","max-image-preview":"max-image-preview:large","max-video-preview":"max-video-preview:-1"},"canonical":"https:\/\/food-bike.be\/fr\/politique-de-confidentialite\/","og_locale":"fr_FR","og_type":"article","og_title":"Politique de confidentialit\u00e9 - FOOD BIKE","og_description":"Cette page d\u00e9crit la politique appliqu\u00e9e sur le site Web de Delivento BV (www.food-bike.be) concernant la confidentialit\u00e9 ainsi que le traitement de toutes les informations collect\u00e9es pendant ou \u00e0 la suite de votre visite sur ce site Web. Finalit\u00e9 du traitement des donn\u00e9es personnelles Lors de votre enregistrement sur ce site et \/ ou en&hellip; Continue reading Politique de confidentialit\u00e9","og_url":"https:\/\/food-bike.be\/fr\/politique-de-confidentialite\/","og_site_name":"FOOD BIKE","article_publisher":"https:\/\/www.facebook.com\/profile.php?id=100057341024107","article_modified_time":"2025-04-22T07:54:00+00:00","twitter_card":"summary_large_image","twitter_misc":{"Dur\u00e9e de lecture estim\u00e9e":"3 minutes"},"schema":{"@context":"https:\/\/schema.org","@graph":[{"@type":"WebPage","@id":"https:\/\/food-bike.be\/fr\/politique-de-confidentialite\/","url":"https:\/\/food-bike.be\/fr\/politique-de-confidentialite\/","name":"Politique de confidentialit\u00e9 - FOOD BIKE","isPartOf":{"@id":"https:\/\/food-bike.be\/#website"},"datePublished":"2025-04-19T13:18:45+00:00","dateModified":"2025-04-22T07:54:00+00:00","breadcrumb":{"@id":"https:\/\/food-bike.be\/fr\/politique-de-confidentialite\/#breadcrumb"},"inLanguage":"fr-FR","potentialAction":[{"@type":"ReadAction","target":["https:\/\/food-bike.be\/fr\/politique-de-confidentialite\/"]}]},{"@type":"BreadcrumbList","@id":"https:\/\/food-bike.be\/fr\/politique-de-confidentialite\/#breadcrumb","itemListElement":[{"@type":"ListItem","position":1,"name":"Home","item":"https:\/\/food-bike.be\/fr\/"},{"@type":"ListItem","position":2,"name":"Politique de confidentialit\u00e9"}]},{"@type":"WebSite","@id":"https:\/\/food-bike.be\/#website","url":"https:\/\/food-bike.be\/","name":"FOOD BIKE","description":"","publisher":{"@id":"https:\/\/food-bike.be\/#organization"},"potentialAction":[{"@type":"SearchAction","target":{"@type":"EntryPoint","urlTemplate":"https:\/\/food-bike.be\/?s={search_term_string}"},"query-input":{"@type":"PropertyValueSpecification","valueRequired":true,"valueName":"search_term_string"}}],"inLanguage":"fr-FR"},{"@type":"Organization","@id":"https:\/\/food-bike.be\/#organization","name":"FOOD BIKE","url":"https:\/\/food-bike.be\/","logo":{"@type":"ImageObject","inLanguage":"fr-FR","@id":"https:\/\/food-bike.be\/#\/schema\/logo\/image\/","url":"https:\/\/food-bike.be\/wp-content\/uploads\/2025\/03\/FoodBike.png","contentUrl":"https:\/\/food-bike.be\/wp-content\/uploads\/2025\/03\/FoodBike.png","width":264,"height":173,"caption":"FOOD BIKE"},"image":{"@id":"https:\/\/food-bike.be\/#\/schema\/logo\/image\/"},"sameAs":["https:\/\/www.facebook.com\/profile.php?id=100057341024107","https:\/\/www.instagram.com\/foodbike_delivento\/"]}]}},"_links":{"self":[{"href":"https:\/\/food-bike.be\/fr\/wp-json\/wp\/v2\/pages\/373","targetHints":{"allow":["GET"]}}],"collection":[{"href":"https:\/\/food-bike.be\/fr\/wp-json\/wp\/v2\/pages"}],"about":[{"href":"https:\/\/food-bike.be\/fr\/wp-json\/wp\/v2\/types\/page"}],"author":[{"embeddable":true,"href":"https:\/\/food-bike.be\/fr\/wp-json\/wp\/v2\/users\/1"}],"replies":[{"embeddable":true,"href":"https:\/\/food-bike.be\/fr\/wp-json\/wp\/v2\/comments?post=373"}],"version-history":[{"count":3,"href":"https:\/\/food-bike.be\/fr\/wp-json\/wp\/v2\/pages\/373\/revisions"}],"predecessor-version":[{"id":376,"href":"https:\/\/food-bike.be\/fr\/wp-json\/wp\/v2\/pages\/373\/revisions\/376"}],"wp:attachment":[{"href":"https:\/\/food-bike.be\/fr\/wp-json\/wp\/v2\/media?parent=373"}],"curies":[{"name":"wp","href":"https:\/\/api.w.org\/{rel}","templated":true}]}}